{"id":1475,"date":"2014-02-03T07:02:26","date_gmt":"2014-02-03T07:02:26","guid":{"rendered":"https:\/\/dem2.olevmedia.net\/beep\/?page_id=1475"},"modified":"2026-02-25T15:04:28","modified_gmt":"2026-02-25T15:04:28","slug":"contactez-nous","status":"publish","type":"page","link":"https:\/\/www.beneluxpest.nl\/fr\/contactez-nous\/","title":{"rendered":"Contactez-nous"},"content":{"rendered":"<div class=\"omsc-one-half\">\n<h3>Vous avez une question ou une remarque relative au salon Benelux Pest ?<\/h3>\n<hr \/>\n<p>Veuillez compl\u00e9ter le formulaire de contact ci-dessous et nous vous contacterons le plus vite possible.<\/p>\n<p><em>*champs obligatoire<\/em><\/p>\n<p><div class=\"omsc-box omsc-with-border omsc-border-style-dotted\" style=\"border-width:1px;border-color:#cecece;text-align:left\"><div class=\"omsc-box-inner\">\n<div class=\"wpcf7 no-js\" id=\"wpcf7-f2451-o1\" lang=\"en-US\" dir=\"ltr\" data-wpcf7-id=\"2451\">\n<div class=\"screen-reader-response\"><p role=\"status\" aria-live=\"polite\" aria-atomic=\"true\"><\/p> <ul><\/ul><\/div>\n<form action=\"\/fr\/wp-json\/wp\/v2\/pages\/1475#wpcf7-f2451-o1\" method=\"post\" class=\"wpcf7-form init\" aria-label=\"Contact form\" novalidate=\"novalidate\" data-status=\"init\">\n<fieldset class=\"hidden-fields-container\"><input type=\"hidden\" name=\"_wpcf7\" value=\"2451\" \/><input type=\"hidden\" name=\"_wpcf7_version\" value=\"6.1\" \/><input type=\"hidden\" name=\"_wpcf7_locale\" value=\"en_US\" \/><input type=\"hidden\" name=\"_wpcf7_unit_tag\" value=\"wpcf7-f2451-o1\" \/><input type=\"hidden\" name=\"_wpcf7_container_post\" value=\"0\" \/><input type=\"hidden\" name=\"_wpcf7_posted_data_hash\" value=\"\" \/>\n<\/fieldset>\n<p>PR\u00c9NOM*\n<\/p>\n<p><span class=\"wpcf7-form-control-wrap\" data-name=\"your-name\"><input size=\"40\" maxlength=\"400\" class=\"wpcf7-form-control wpcf7-text wpcf7-validates-as-required\" aria-required=\"true\" aria-invalid=\"false\" value=\"\" type=\"text\" name=\"your-name\" \/><\/span>\n<\/p>\n<p>NOM*\n<\/p>\n<p><span class=\"wpcf7-form-control-wrap\" data-name=\"nom-famille\"><input size=\"40\" maxlength=\"400\" class=\"wpcf7-form-control wpcf7-text wpcf7-validates-as-required\" aria-required=\"true\" aria-invalid=\"false\" value=\"\" type=\"text\" name=\"nom-famille\" \/><\/span>\n<\/p>\n<p>E-MAIL*\n<\/p>\n<p><span class=\"wpcf7-form-control-wrap\" data-name=\"your-email\"><input size=\"40\" maxlength=\"400\" class=\"wpcf7-form-control wpcf7-email wpcf7-validates-as-required wpcf7-text wpcf7-validates-as-email\" aria-required=\"true\" aria-invalid=\"false\" value=\"\" type=\"email\" name=\"your-email\" \/><\/span>\n<\/p>\n<p>NUM\u00c9RO DE T\u00c9L\u00c9PHONE*\n<\/p>\n<p><span class=\"wpcf7-form-control-wrap\" data-name=\"tel-891\"><input size=\"40\" maxlength=\"400\" class=\"wpcf7-form-control wpcf7-tel wpcf7-validates-as-required wpcf7-text wpcf7-validates-as-tel\" aria-required=\"true\" aria-invalid=\"false\" value=\"\" type=\"tel\" name=\"tel-891\" \/><\/span>\n<\/p>\n<p>NOM DE L'ENTREPRISE*\n<\/p>\n<p><span class=\"wpcf7-form-control-wrap\" data-name=\"text-841\"><input size=\"40\" maxlength=\"400\" class=\"wpcf7-form-control wpcf7-text wpcf7-validates-as-required\" aria-required=\"true\" aria-invalid=\"false\" value=\"\" type=\"text\" name=\"text-841\" \/><\/span>\n<\/p>\n<p>VOTRE QUESTION\/REMARQUE*\n<\/p>\n<p><span class=\"wpcf7-form-control-wrap\" data-name=\"your-message\"><textarea cols=\"40\" rows=\"10\" maxlength=\"2000\" class=\"wpcf7-form-control wpcf7-textarea wpcf7-validates-as-required\" aria-required=\"true\" aria-invalid=\"false\" name=\"your-message\"><\/textarea><\/span>\n<\/p>\n<p>FILTRE SPAM<br \/>\n<input type=\"hidden\" name=\"_wpcf7_captcha_challenge_captcha-730\" value=\"142278039\" \/><img decoding=\"async\" class=\"wpcf7-form-control wpcf7-captchac wpcf7-captcha-captcha-730\" width=\"72\" height=\"24\" alt=\"captcha\" src=\"https:\/\/www.beneluxpest.nl\/fr\/wp-content\/uploads\/wpcf7_captcha\/142278039.png\" \/><br \/>\n<span class=\"wpcf7-form-control-wrap\" data-name=\"captcha-730\"><input size=\"40\" class=\"wpcf7-form-control wpcf7-captchar\" autocomplete=\"off\" aria-invalid=\"false\" value=\"\" type=\"text\" name=\"captcha-730\" \/><\/span>\n<\/p>\n<p><input class=\"wpcf7-form-control wpcf7-submit has-spinner\" type=\"submit\" value=\"ENVOYER\" \/>\n<\/p><p style=\"display: none !important;\" class=\"akismet-fields-container\" data-prefix=\"_wpcf7_ak_\"><label>&#916;<textarea name=\"_wpcf7_ak_hp_textarea\" cols=\"45\" rows=\"8\" maxlength=\"100\"><\/textarea><\/label><input type=\"hidden\" id=\"ak_js_1\" name=\"_wpcf7_ak_js\" value=\"221\"\/><script>document.getElementById( \"ak_js_1\" ).setAttribute( \"value\", ( new Date() ).getTime() );<\/script><\/p><div class=\"wpcf7-response-output\" aria-hidden=\"true\"><\/div>\n<\/form>\n<\/div>\n<\/div><\/div><\/p>\n<p><div class=\"clear\"><\/div><\/div>\n<div class=\"omsc-one-half omsc-last\">\n<h3>Contactez-nous<\/h3>\n<hr \/>\n<p><i class=\"omsc-icon fa fa-envelope-o omsc-icon-color-theme omsc-with-border omsc-border-color-theme\" style=\"\"><\/i> <a href=\"mailto:redactie@pestcontrolnews.com\">redactie@pestcontrolnews.com<\/a><\/p>\n<p><i class=\"omsc-icon fa fa-phone omsc-icon-color-theme omsc-with-border omsc-border-color-theme\" style=\"\"><\/i> +32 (0)474 138 332 <\/p>\n<p><div class=\"clear\"><\/div><\/div><div class=\"omsc-clear\"><\/div>\n","protected":false},"excerpt":{"rendered":"","protected":false},"author":1,"featured_media":0,"parent":0,"menu_order":0,"comment_status":"open","ping_status":"open","template":"","meta":{"footnotes":""},"class_list":["post-1475","page","type-page","status-publish","hentry"],"yoast_head":"<!-- This site is optimized with the Yoast SEO plugin v25.4 - https:\/\/yoast.com\/wordpress\/plugins\/seo\/ -->\n<title>Contactez-nous - Benelux Pest<\/title>\n<meta name=\"description\" content=\"Vous avez une question ou une remarque relative au salon Benelux Pest? Compl\u00e9tez le formulaire de contact et nous vous contacterons rapidement.\" \/>\n<meta name=\"robots\" content=\"noindex, follow, max-snippet:-1, max-image-preview:large, max-video-preview:-1\" \/>\n<meta property=\"og:locale\" content=\"en_US\" \/>\n<meta property=\"og:type\" content=\"article\" \/>\n<meta property=\"og:title\" content=\"Contactez-nous - Benelux Pest\" \/>\n<meta property=\"og:description\" content=\"Vous avez une question ou une remarque relative au salon Benelux Pest? Compl\u00e9tez le formulaire de contact et nous vous contacterons rapidement.\" \/>\n<meta property=\"og:url\" content=\"https:\/\/www.beneluxpest.nl\/fr\/contactez-nous\/\" \/>\n<meta property=\"og:site_name\" content=\"Benelux Pest\" \/>\n<meta property=\"article:modified_time\" content=\"2026-02-25T15:04:28+00:00\" \/>\n<meta name=\"twitter:label1\" content=\"Est. reading time\" \/>\n\t<meta name=\"twitter:data1\" content=\"1 minute\" \/>\n<script type=\"application\/ld+json\" class=\"yoast-schema-graph\">{\"@context\":\"https:\/\/schema.org\",\"@graph\":[{\"@type\":\"WebPage\",\"@id\":\"https:\/\/www.beneluxpest.nl\/fr\/contactez-nous\/\",\"url\":\"https:\/\/www.beneluxpest.nl\/fr\/contactez-nous\/\",\"name\":\"Contactez-nous - Benelux Pest\",\"isPartOf\":{\"@id\":\"https:\/\/www.beneluxpest.nl\/fr\/#website\"},\"datePublished\":\"2014-02-03T07:02:26+00:00\",\"dateModified\":\"2026-02-25T15:04:28+00:00\",\"description\":\"Vous avez une question ou une remarque relative au salon Benelux Pest? Compl\u00e9tez le formulaire de contact et nous vous contacterons rapidement.\",\"breadcrumb\":{\"@id\":\"https:\/\/www.beneluxpest.nl\/fr\/contactez-nous\/#breadcrumb\"},\"inLanguage\":\"en-US\",\"potentialAction\":[{\"@type\":\"ReadAction\",\"target\":[\"https:\/\/www.beneluxpest.nl\/fr\/contactez-nous\/\"]}]},{\"@type\":\"BreadcrumbList\",\"@id\":\"https:\/\/www.beneluxpest.nl\/fr\/contactez-nous\/#breadcrumb\",\"itemListElement\":[{\"@type\":\"ListItem\",\"position\":1,\"name\":\"Home\",\"item\":\"https:\/\/www.beneluxpest.nl\/fr\/\"},{\"@type\":\"ListItem\",\"position\":2,\"name\":\"Contactez-nous\"}]},{\"@type\":\"WebSite\",\"@id\":\"https:\/\/www.beneluxpest.nl\/fr\/#website\",\"url\":\"https:\/\/www.beneluxpest.nl\/fr\/\",\"name\":\"Benelux Pest\",\"description\":\"Le salon professionnel de lutte antiparasitaire le plus important du Benelux\",\"potentialAction\":[{\"@type\":\"SearchAction\",\"target\":{\"@type\":\"EntryPoint\",\"urlTemplate\":\"https:\/\/www.beneluxpest.nl\/fr\/?s={search_term_string}\"},\"query-input\":{\"@type\":\"PropertyValueSpecification\",\"valueRequired\":true,\"valueName\":\"search_term_string\"}}],\"inLanguage\":\"en-US\"}]}<\/script>\n<!-- \/ Yoast SEO plugin. -->","yoast_head_json":{"title":"Contactez-nous - Benelux Pest","description":"Vous avez une question ou une remarque relative au salon Benelux Pest? Compl\u00e9tez le formulaire de contact et nous vous contacterons rapidement.","robots":{"index":"noindex","follow":"follow","max-snippet":"max-snippet:-1","max-image-preview":"max-image-preview:large","max-video-preview":"max-video-preview:-1"},"og_locale":"en_US","og_type":"article","og_title":"Contactez-nous - Benelux Pest","og_description":"Vous avez une question ou une remarque relative au salon Benelux Pest? Compl\u00e9tez le formulaire de contact et nous vous contacterons rapidement.","og_url":"https:\/\/www.beneluxpest.nl\/fr\/contactez-nous\/","og_site_name":"Benelux Pest","article_modified_time":"2026-02-25T15:04:28+00:00","twitter_misc":{"Est. reading time":"1 minute"},"schema":{"@context":"https:\/\/schema.org","@graph":[{"@type":"WebPage","@id":"https:\/\/www.beneluxpest.nl\/fr\/contactez-nous\/","url":"https:\/\/www.beneluxpest.nl\/fr\/contactez-nous\/","name":"Contactez-nous - Benelux Pest","isPartOf":{"@id":"https:\/\/www.beneluxpest.nl\/fr\/#website"},"datePublished":"2014-02-03T07:02:26+00:00","dateModified":"2026-02-25T15:04:28+00:00","description":"Vous avez une question ou une remarque relative au salon Benelux Pest? Compl\u00e9tez le formulaire de contact et nous vous contacterons rapidement.","breadcrumb":{"@id":"https:\/\/www.beneluxpest.nl\/fr\/contactez-nous\/#breadcrumb"},"inLanguage":"en-US","potentialAction":[{"@type":"ReadAction","target":["https:\/\/www.beneluxpest.nl\/fr\/contactez-nous\/"]}]},{"@type":"BreadcrumbList","@id":"https:\/\/www.beneluxpest.nl\/fr\/contactez-nous\/#breadcrumb","itemListElement":[{"@type":"ListItem","position":1,"name":"Home","item":"https:\/\/www.beneluxpest.nl\/fr\/"},{"@type":"ListItem","position":2,"name":"Contactez-nous"}]},{"@type":"WebSite","@id":"https:\/\/www.beneluxpest.nl\/fr\/#website","url":"https:\/\/www.beneluxpest.nl\/fr\/","name":"Benelux Pest","description":"Le salon professionnel de lutte antiparasitaire le plus important du Benelux","potentialAction":[{"@type":"SearchAction","target":{"@type":"EntryPoint","urlTemplate":"https:\/\/www.beneluxpest.nl\/fr\/?s={search_term_string}"},"query-input":{"@type":"PropertyValueSpecification","valueRequired":true,"valueName":"search_term_string"}}],"inLanguage":"en-US"}]}},"_links":{"self":[{"href":"https:\/\/www.beneluxpest.nl\/fr\/wp-json\/wp\/v2\/pages\/1475","targetHints":{"allow":["GET"]}}],"collection":[{"href":"https:\/\/www.beneluxpest.nl\/fr\/wp-json\/wp\/v2\/pages"}],"about":[{"href":"https:\/\/www.beneluxpest.nl\/fr\/wp-json\/wp\/v2\/types\/page"}],"author":[{"embeddable":true,"href":"https:\/\/www.beneluxpest.nl\/fr\/wp-json\/wp\/v2\/users\/1"}],"replies":[{"embeddable":true,"href":"https:\/\/www.beneluxpest.nl\/fr\/wp-json\/wp\/v2\/comments?post=1475"}],"version-history":[{"count":4,"href":"https:\/\/www.beneluxpest.nl\/fr\/wp-json\/wp\/v2\/pages\/1475\/revisions"}],"predecessor-version":[{"id":3876,"href":"https:\/\/www.beneluxpest.nl\/fr\/wp-json\/wp\/v2\/pages\/1475\/revisions\/3876"}],"wp:attachment":[{"href":"https:\/\/www.beneluxpest.nl\/fr\/wp-json\/wp\/v2\/media?parent=1475"}],"curies":[{"name":"wp","href":"https:\/\/api.w.org\/{rel}","templated":true}]}}