{"id":2481,"date":"2014-06-09T10:37:06","date_gmt":"2014-06-09T10:37:06","guid":{"rendered":"https:\/\/www.beneluxpest.nl\/fr\/?page_id=2481"},"modified":"2021-02-15T12:46:37","modified_gmt":"2021-02-15T12:46:37","slug":"pest-control-news","status":"publish","type":"page","link":"https:\/\/www.beneluxpest.nl\/fr\/pest-control-news\/","title":{"rendered":"Pest Control News"},"content":{"rendered":"<div class=\"omsc-one-half\">\n<div class=\"omsc-clear\" style=\"height:20px\"><\/div><br \/>\n<img class=\"lazyload alignnone size-full wp-image-282\" data-original=\"https:\/\/www.pestcontrolnews.com\/dutch\/wp-content\/uploads\/2016\/12\/PCN-logo.jpg\" alt=\"Pest Control News\" \/><\/p>\n<p>PEST CONTROL NEWS (PCN) BENELUX est une publication sp\u00e9cialis\u00e9e ind\u00e9pendante destin\u00e9e \u00e0 l\u2019industrie de la lutte antiparasitaire. Elle est envoy\u00e9e gratuitement aux professionnels de la lutte anti-nuisibles, aux autorit\u00e9s sanitaires, aux distributeurs, aux fabriquants ainsi qu\u2019\u00e0 tout autre intervenant impliqu\u00e9 ou int\u00e9ress\u00e9 par l\u2019industrie. Le magazine reprend des informations actuelles, des nouvelles du secteur, des informations techniques pertinentes, des conseils pratiques et des interviews.<\/p>\n<p>PCN Magazine ne se limite pas aux abonn\u00e9s d\u2019une association professionnelle quelle qu\u2019elle soit, mais est disponible \u00e0 tous, gratuitement. Le magazine est publi\u00e9 deux fois par an (en mai et en novembre), en langue n\u00e9erlandaise, \u00e0 pr\u00e8s de 1800 exemplaires distribu\u00e9s dans tout le Benelux. Il est \u00e9galement disponible 24\/7 sur notre <strong><a href=\"https:\/\/www.pestcontrolnews.com\/dutch\" target=\"_blank\" rel=\"noopener noreferrer\">site web<\/a><\/strong>, o\u00f9 vous pouvez non seulement t\u00e9l\u00e9charger la derni\u00e8re \u00e9dition, mais \u00e9galement consulter les copies pr\u00e9c\u00e9dentes dans les archives.<\/p>\n<p>PCN Benelux est \u00e9galement la force motrice derri\u00e8re le salon Benelux Pest organis\u00e9 depuis 2009.<\/p>\n<p>Avez-vous des questions sur Pest Control News? N&#8217;h\u00e9sitez pas \u00e0 nous envoyer votre message \u00e0 <a href=\"mailto:redactie@pestcontrolnews.com\"><strong>redactie@pestcontrolnews.com<\/strong><\/a>.<br \/>\n<div class=\"clear\"><\/div><\/div>\n<div class=\"omsc-one-half omsc-last\">\n<div class=\"omsc-clear\" style=\"height:20px\"><\/div><br \/>\n<a href=\"https:\/\/www.beneluxpest.nl\/fr\/wp-content\/uploads\/2021\/02\/PCN_Covers_2021.jpg\"><img fetchpriority=\"high\" class=\"lazyload alignnone size-full wp-image-3417\" data-original=\"https:\/\/www.beneluxpest.nl\/fr\/wp-content\/uploads\/2021\/02\/PCN_Covers_2021.jpg\" alt=\"\" width=\"600\" height=\"506\" \/><\/a><br \/>\n<div class=\"clear\"><\/div><\/div><div class=\"omsc-clear\"><\/div>\n","protected":false},"excerpt":{"rendered":"","protected":false},"author":1,"featured_media":0,"parent":0,"menu_order":0,"comment_status":"open","ping_status":"open","template":"","meta":{"footnotes":""},"class_list":["post-2481","page","type-page","status-publish","hentry"],"yoast_head":"<!-- This site is optimized with the Yoast SEO plugin v25.4 - https:\/\/yoast.com\/wordpress\/plugins\/seo\/ -->\n<title>Pest Control News - Benelux Pest<\/title>\n<meta name=\"description\" content=\"PEST CONTROL NEWS (PCN) BENELUX est une publication sp\u00e9cialis\u00e9e ind\u00e9pendante destin\u00e9e \u00e0 l\u2019industrie de la lutte antiparasitaire.\" \/>\n<meta name=\"robots\" content=\"noindex, follow, max-snippet:-1, max-image-preview:large, max-video-preview:-1\" \/>\n<meta property=\"og:locale\" content=\"en_US\" \/>\n<meta property=\"og:type\" content=\"article\" \/>\n<meta property=\"og:title\" content=\"Pest Control News - Benelux Pest\" \/>\n<meta property=\"og:description\" content=\"PEST CONTROL NEWS (PCN) BENELUX est une publication sp\u00e9cialis\u00e9e ind\u00e9pendante destin\u00e9e \u00e0 l\u2019industrie de la lutte antiparasitaire.\" \/>\n<meta property=\"og:url\" content=\"https:\/\/www.beneluxpest.nl\/fr\/pest-control-news\/\" \/>\n<meta property=\"og:site_name\" content=\"Benelux Pest\" \/>\n<meta property=\"article:modified_time\" content=\"2021-02-15T12:46:37+00:00\" \/>\n<meta property=\"og:image\" content=\"https:\/\/www.pestcontrolnews.com\/dutch\/wp-content\/uploads\/2016\/12\/PCN-logo.jpg\" \/>\n<meta name=\"twitter:label1\" content=\"Est. reading time\" \/>\n\t<meta name=\"twitter:data1\" content=\"1 minute\" \/>\n<script type=\"application\/ld+json\" class=\"yoast-schema-graph\">{\"@context\":\"https:\/\/schema.org\",\"@graph\":[{\"@type\":\"WebPage\",\"@id\":\"https:\/\/www.beneluxpest.nl\/fr\/pest-control-news\/\",\"url\":\"https:\/\/www.beneluxpest.nl\/fr\/pest-control-news\/\",\"name\":\"Pest Control News - Benelux Pest\",\"isPartOf\":{\"@id\":\"https:\/\/www.beneluxpest.nl\/fr\/#website\"},\"primaryImageOfPage\":{\"@id\":\"https:\/\/www.beneluxpest.nl\/fr\/pest-control-news\/#primaryimage\"},\"image\":{\"@id\":\"https:\/\/www.beneluxpest.nl\/fr\/pest-control-news\/#primaryimage\"},\"thumbnailUrl\":\"https:\/\/www.pestcontrolnews.com\/dutch\/wp-content\/uploads\/2016\/12\/PCN-logo.jpg\",\"datePublished\":\"2014-06-09T10:37:06+00:00\",\"dateModified\":\"2021-02-15T12:46:37+00:00\",\"description\":\"PEST CONTROL NEWS (PCN) BENELUX est une publication sp\u00e9cialis\u00e9e ind\u00e9pendante destin\u00e9e \u00e0 l\u2019industrie de la lutte antiparasitaire.\",\"breadcrumb\":{\"@id\":\"https:\/\/www.beneluxpest.nl\/fr\/pest-control-news\/#breadcrumb\"},\"inLanguage\":\"en-US\",\"potentialAction\":[{\"@type\":\"ReadAction\",\"target\":[\"https:\/\/www.beneluxpest.nl\/fr\/pest-control-news\/\"]}]},{\"@type\":\"ImageObject\",\"inLanguage\":\"en-US\",\"@id\":\"https:\/\/www.beneluxpest.nl\/fr\/pest-control-news\/#primaryimage\",\"url\":\"https:\/\/www.pestcontrolnews.com\/dutch\/wp-content\/uploads\/2016\/12\/PCN-logo.jpg\",\"contentUrl\":\"https:\/\/www.pestcontrolnews.com\/dutch\/wp-content\/uploads\/2016\/12\/PCN-logo.jpg\"},{\"@type\":\"BreadcrumbList\",\"@id\":\"https:\/\/www.beneluxpest.nl\/fr\/pest-control-news\/#breadcrumb\",\"itemListElement\":[{\"@type\":\"ListItem\",\"position\":1,\"name\":\"Home\",\"item\":\"https:\/\/www.beneluxpest.nl\/fr\/\"},{\"@type\":\"ListItem\",\"position\":2,\"name\":\"Pest Control News\"}]},{\"@type\":\"WebSite\",\"@id\":\"https:\/\/www.beneluxpest.nl\/fr\/#website\",\"url\":\"https:\/\/www.beneluxpest.nl\/fr\/\",\"name\":\"Benelux Pest\",\"description\":\"Le salon professionnel de lutte antiparasitaire le plus important du Benelux\",\"potentialAction\":[{\"@type\":\"SearchAction\",\"target\":{\"@type\":\"EntryPoint\",\"urlTemplate\":\"https:\/\/www.beneluxpest.nl\/fr\/?s={search_term_string}\"},\"query-input\":{\"@type\":\"PropertyValueSpecification\",\"valueRequired\":true,\"valueName\":\"search_term_string\"}}],\"inLanguage\":\"en-US\"}]}<\/script>\n<!-- \/ Yoast SEO plugin. -->","yoast_head_json":{"title":"Pest Control News - Benelux Pest","description":"PEST CONTROL NEWS (PCN) BENELUX est une publication sp\u00e9cialis\u00e9e ind\u00e9pendante destin\u00e9e \u00e0 l\u2019industrie de la lutte antiparasitaire.","robots":{"index":"noindex","follow":"follow","max-snippet":"max-snippet:-1","max-image-preview":"max-image-preview:large","max-video-preview":"max-video-preview:-1"},"og_locale":"en_US","og_type":"article","og_title":"Pest Control News - Benelux Pest","og_description":"PEST CONTROL NEWS (PCN) BENELUX est une publication sp\u00e9cialis\u00e9e ind\u00e9pendante destin\u00e9e \u00e0 l\u2019industrie de la lutte antiparasitaire.","og_url":"https:\/\/www.beneluxpest.nl\/fr\/pest-control-news\/","og_site_name":"Benelux Pest","article_modified_time":"2021-02-15T12:46:37+00:00","og_image":[{"url":"https:\/\/www.pestcontrolnews.com\/dutch\/wp-content\/uploads\/2016\/12\/PCN-logo.jpg","type":"","width":"","height":""}],"twitter_misc":{"Est. reading time":"1 minute"},"schema":{"@context":"https:\/\/schema.org","@graph":[{"@type":"WebPage","@id":"https:\/\/www.beneluxpest.nl\/fr\/pest-control-news\/","url":"https:\/\/www.beneluxpest.nl\/fr\/pest-control-news\/","name":"Pest Control News - Benelux Pest","isPartOf":{"@id":"https:\/\/www.beneluxpest.nl\/fr\/#website"},"primaryImageOfPage":{"@id":"https:\/\/www.beneluxpest.nl\/fr\/pest-control-news\/#primaryimage"},"image":{"@id":"https:\/\/www.beneluxpest.nl\/fr\/pest-control-news\/#primaryimage"},"thumbnailUrl":"https:\/\/www.pestcontrolnews.com\/dutch\/wp-content\/uploads\/2016\/12\/PCN-logo.jpg","datePublished":"2014-06-09T10:37:06+00:00","dateModified":"2021-02-15T12:46:37+00:00","description":"PEST CONTROL NEWS (PCN) BENELUX est une publication sp\u00e9cialis\u00e9e ind\u00e9pendante destin\u00e9e \u00e0 l\u2019industrie de la lutte antiparasitaire.","breadcrumb":{"@id":"https:\/\/www.beneluxpest.nl\/fr\/pest-control-news\/#breadcrumb"},"inLanguage":"en-US","potentialAction":[{"@type":"ReadAction","target":["https:\/\/www.beneluxpest.nl\/fr\/pest-control-news\/"]}]},{"@type":"ImageObject","inLanguage":"en-US","@id":"https:\/\/www.beneluxpest.nl\/fr\/pest-control-news\/#primaryimage","url":"https:\/\/www.pestcontrolnews.com\/dutch\/wp-content\/uploads\/2016\/12\/PCN-logo.jpg","contentUrl":"https:\/\/www.pestcontrolnews.com\/dutch\/wp-content\/uploads\/2016\/12\/PCN-logo.jpg"},{"@type":"BreadcrumbList","@id":"https:\/\/www.beneluxpest.nl\/fr\/pest-control-news\/#breadcrumb","itemListElement":[{"@type":"ListItem","position":1,"name":"Home","item":"https:\/\/www.beneluxpest.nl\/fr\/"},{"@type":"ListItem","position":2,"name":"Pest Control News"}]},{"@type":"WebSite","@id":"https:\/\/www.beneluxpest.nl\/fr\/#website","url":"https:\/\/www.beneluxpest.nl\/fr\/","name":"Benelux Pest","description":"Le salon professionnel de lutte antiparasitaire le plus important du Benelux","potentialAction":[{"@type":"SearchAction","target":{"@type":"EntryPoint","urlTemplate":"https:\/\/www.beneluxpest.nl\/fr\/?s={search_term_string}"},"query-input":{"@type":"PropertyValueSpecification","valueRequired":true,"valueName":"search_term_string"}}],"inLanguage":"en-US"}]}},"_links":{"self":[{"href":"https:\/\/www.beneluxpest.nl\/fr\/wp-json\/wp\/v2\/pages\/2481","targetHints":{"allow":["GET"]}}],"collection":[{"href":"https:\/\/www.beneluxpest.nl\/fr\/wp-json\/wp\/v2\/pages"}],"about":[{"href":"https:\/\/www.beneluxpest.nl\/fr\/wp-json\/wp\/v2\/types\/page"}],"author":[{"embeddable":true,"href":"https:\/\/www.beneluxpest.nl\/fr\/wp-json\/wp\/v2\/users\/1"}],"replies":[{"embeddable":true,"href":"https:\/\/www.beneluxpest.nl\/fr\/wp-json\/wp\/v2\/comments?post=2481"}],"version-history":[{"count":3,"href":"https:\/\/www.beneluxpest.nl\/fr\/wp-json\/wp\/v2\/pages\/2481\/revisions"}],"predecessor-version":[{"id":3418,"href":"https:\/\/www.beneluxpest.nl\/fr\/wp-json\/wp\/v2\/pages\/2481\/revisions\/3418"}],"wp:attachment":[{"href":"https:\/\/www.beneluxpest.nl\/fr\/wp-json\/wp\/v2\/media?parent=2481"}],"curies":[{"name":"wp","href":"https:\/\/api.w.org\/{rel}","templated":true}]}}