{"id":2483,"date":"2014-06-09T10:37:42","date_gmt":"2014-06-09T10:37:42","guid":{"rendered":"https:\/\/www.beneluxpest.nl\/fr\/?page_id=2483"},"modified":"2020-03-12T17:43:27","modified_gmt":"2020-03-12T17:43:27","slug":"benelux-pest","status":"publish","type":"page","link":"https:\/\/www.beneluxpest.nl\/fr\/benelux-pest\/","title":{"rendered":"Benelux Pest"},"content":{"rendered":"<div class=\"omsc-one-half\">\n<p><div class=\"omsc-clear\" style=\"height:5px\"><\/div><br \/>\n<strong>Benelux Pest: Le salon professionnel de lutte antiparasitaire le plus important du Benelux<\/strong><\/p>\n<p>Le salon Benelux Pest est l\u2019\u00e9v\u00e9nement le plus important pour l\u2019industrie de la lutte antiparasitaire du Benelux. Le salon offre une opportunit\u00e9 unique de profiter des actualit\u00e9s, de d\u00e9couvrir les derni\u00e8res tendances et permet aux visiteurs de rencontrer des professionnels, des fabricants, des associations de branche et des institutions de formation. L\u2019\u00e9v\u00e9nement est aussi une occasion id\u00e9ale de profiter d\u2019offres exclusives propos\u00e9es uniquement pendant le salon.<\/p>\n<p>Le salon, libre d\u2019acc\u00e8s et gratuit, est ouvert en continu de 9h00 \u00e0 16h30.<\/p>\n<p>Durant le salon, vous pouvez d\u00e9couvrir \u00e0 votre guise les stands de nos exposants de produits et services. Vous pouvez aussi participer \u00e0 l\u2019un des ateliers int\u00e9ressants ciblant des sujets pertinents de l\u2019activit\u00e9 de contr\u00f4le des nuisibles. La journ\u00e9e d\u2019exposition se cl\u00f4ture g\u00e9n\u00e9ralement par un drink de r\u00e9seautage et un d\u00eener informel avec de la musique et des animations.<\/p>\n<p><div class=\"omsc-clear\" style=\"height:5px\"><\/div><br \/>\n<strong>HISTOIRE<\/strong><\/p>\n<p>La premi\u00e8re \u00e9dition du Benelux Pest date de 2009 et avait lieu au \u00ab 2B-Home Party &amp; Business Centre \u00bb \u00e0 Zoetermeer. En 2010, le salon d\u00e9m\u00e9nageait \u00e0 l\u2019h\u00f4tel \u00ab De Druiventros \u00bb \u00e0 Berkel-Enschot, puis au lieu d\u2019\u00e9v\u00e9nements \u00ab Voortse Vallei \u00bb \u00e0 Voorthuizen, au milieu des belles for\u00eats du Veluwe aux Pays-Bas. Entre-temps, le salon est devenu un v\u00e9ritable \u00e9v\u00e9nement international dans l\u2019industrie de la lutte antiparasitaire avec des exposants des Pays-Bas, de la Belgique, de l\u2019Allemagne, du Royaume-Uni, de l\u2019Italie, de la Suisse, de la Su\u00e8de, de la Slov\u00e9nie et des \u00c9tats-Unis.<\/p>\n<p>Depuis 2016, le salon se d\u00e9roule au magnifique site NH Conference Centre Koningshof \u00e0 Veldhoven, situ\u00e9 au sud des Pays-Bas. Ce nouvel emplacement offre de nombreux avantages et possibilit\u00e9s pour un \u00e9v\u00e9nement en pleine expansion et fait ressortir davantage le nom BeNeLux Pest.<\/p>\n<p>De plus, NH Conference Centre Koningshof est id\u00e9alement situ\u00e9 \u00e0 proximit\u00e9 de l\u2019a\u00e9roport d\u2019Eindhoven, des transports publics et de toutes les routes principales comme l\u2019A76, l\u2019A2 et l\u2019E34 (en direction de Maastricht, Amsterdam et Anvers).<\/p>\n<p><div class=\"clear\"><\/div><\/div>\n<div class=\"omsc-one-half omsc-last\">\n<div class=\"omsc-clear\" style=\"height:20px\"><\/div><br \/>\n<img class=\"lazyload alignnone size-full wp-image-282\" data-original=\"http:\/\/www.beneluxpest.nl\/en\/wp-content\/uploads\/2015\/05\/Koningshof.gif\" alt=\"Koningshof\" width=\"600\" \/><\/p>\n<h5><span style=\"color: #1b75bc;\">NH Conference Centre Koningshof<\/span><\/h5>\n<p><div class=\"clear\"><\/div><\/div><div class=\"omsc-clear\"><\/div>\n","protected":false},"excerpt":{"rendered":"","protected":false},"author":1,"featured_media":0,"parent":0,"menu_order":0,"comment_status":"open","ping_status":"open","template":"","meta":{"footnotes":""},"class_list":["post-2483","page","type-page","status-publish","hentry"],"yoast_head":"<!-- This site is optimized with the Yoast SEO plugin v25.4 - https:\/\/yoast.com\/wordpress\/plugins\/seo\/ -->\n<title>Benelux Pest - Benelux Pest<\/title>\n<meta name=\"description\" content=\"Le salon Benelux Pest est l\u2019\u00e9v\u00e9nement le plus important pour l\u2019industrie de la lutte antiparasitaire du Benelux.\" \/>\n<meta name=\"robots\" content=\"noindex, follow, max-snippet:-1, max-image-preview:large, max-video-preview:-1\" \/>\n<meta property=\"og:locale\" content=\"en_US\" \/>\n<meta property=\"og:type\" content=\"article\" \/>\n<meta property=\"og:title\" content=\"Benelux Pest - Benelux Pest\" \/>\n<meta property=\"og:description\" content=\"Le salon Benelux Pest est l\u2019\u00e9v\u00e9nement le plus important pour l\u2019industrie de la lutte antiparasitaire du Benelux.\" \/>\n<meta property=\"og:url\" content=\"https:\/\/www.beneluxpest.nl\/fr\/benelux-pest\/\" \/>\n<meta property=\"og:site_name\" content=\"Benelux Pest\" \/>\n<meta property=\"article:modified_time\" content=\"2020-03-12T17:43:27+00:00\" \/>\n<meta property=\"og:image\" content=\"http:\/\/www.beneluxpest.nl\/en\/wp-content\/uploads\/2015\/05\/Koningshof.gif\" \/>\n<meta name=\"twitter:label1\" content=\"Est. reading time\" \/>\n\t<meta name=\"twitter:data1\" content=\"2 minutes\" \/>\n<script type=\"application\/ld+json\" class=\"yoast-schema-graph\">{\"@context\":\"https:\/\/schema.org\",\"@graph\":[{\"@type\":\"WebPage\",\"@id\":\"https:\/\/www.beneluxpest.nl\/fr\/benelux-pest\/\",\"url\":\"https:\/\/www.beneluxpest.nl\/fr\/benelux-pest\/\",\"name\":\"Benelux Pest - Benelux Pest\",\"isPartOf\":{\"@id\":\"https:\/\/www.beneluxpest.nl\/fr\/#website\"},\"primaryImageOfPage\":{\"@id\":\"https:\/\/www.beneluxpest.nl\/fr\/benelux-pest\/#primaryimage\"},\"image\":{\"@id\":\"https:\/\/www.beneluxpest.nl\/fr\/benelux-pest\/#primaryimage\"},\"thumbnailUrl\":\"http:\/\/www.beneluxpest.nl\/en\/wp-content\/uploads\/2015\/05\/Koningshof.gif\",\"datePublished\":\"2014-06-09T10:37:42+00:00\",\"dateModified\":\"2020-03-12T17:43:27+00:00\",\"description\":\"Le salon Benelux Pest est l\u2019\u00e9v\u00e9nement le plus important pour l\u2019industrie de la lutte antiparasitaire du Benelux.\",\"breadcrumb\":{\"@id\":\"https:\/\/www.beneluxpest.nl\/fr\/benelux-pest\/#breadcrumb\"},\"inLanguage\":\"en-US\",\"potentialAction\":[{\"@type\":\"ReadAction\",\"target\":[\"https:\/\/www.beneluxpest.nl\/fr\/benelux-pest\/\"]}]},{\"@type\":\"ImageObject\",\"inLanguage\":\"en-US\",\"@id\":\"https:\/\/www.beneluxpest.nl\/fr\/benelux-pest\/#primaryimage\",\"url\":\"http:\/\/www.beneluxpest.nl\/en\/wp-content\/uploads\/2015\/05\/Koningshof.gif\",\"contentUrl\":\"http:\/\/www.beneluxpest.nl\/en\/wp-content\/uploads\/2015\/05\/Koningshof.gif\"},{\"@type\":\"BreadcrumbList\",\"@id\":\"https:\/\/www.beneluxpest.nl\/fr\/benelux-pest\/#breadcrumb\",\"itemListElement\":[{\"@type\":\"ListItem\",\"position\":1,\"name\":\"Home\",\"item\":\"https:\/\/www.beneluxpest.nl\/fr\/\"},{\"@type\":\"ListItem\",\"position\":2,\"name\":\"Benelux Pest\"}]},{\"@type\":\"WebSite\",\"@id\":\"https:\/\/www.beneluxpest.nl\/fr\/#website\",\"url\":\"https:\/\/www.beneluxpest.nl\/fr\/\",\"name\":\"Benelux Pest\",\"description\":\"Le salon professionnel de lutte antiparasitaire le plus important du Benelux\",\"potentialAction\":[{\"@type\":\"SearchAction\",\"target\":{\"@type\":\"EntryPoint\",\"urlTemplate\":\"https:\/\/www.beneluxpest.nl\/fr\/?s={search_term_string}\"},\"query-input\":{\"@type\":\"PropertyValueSpecification\",\"valueRequired\":true,\"valueName\":\"search_term_string\"}}],\"inLanguage\":\"en-US\"}]}<\/script>\n<!-- \/ Yoast SEO plugin. -->","yoast_head_json":{"title":"Benelux Pest - Benelux Pest","description":"Le salon Benelux Pest est l\u2019\u00e9v\u00e9nement le plus important pour l\u2019industrie de la lutte antiparasitaire du Benelux.","robots":{"index":"noindex","follow":"follow","max-snippet":"max-snippet:-1","max-image-preview":"max-image-preview:large","max-video-preview":"max-video-preview:-1"},"og_locale":"en_US","og_type":"article","og_title":"Benelux Pest - Benelux Pest","og_description":"Le salon Benelux Pest est l\u2019\u00e9v\u00e9nement le plus important pour l\u2019industrie de la lutte antiparasitaire du Benelux.","og_url":"https:\/\/www.beneluxpest.nl\/fr\/benelux-pest\/","og_site_name":"Benelux Pest","article_modified_time":"2020-03-12T17:43:27+00:00","og_image":[{"url":"http:\/\/www.beneluxpest.nl\/en\/wp-content\/uploads\/2015\/05\/Koningshof.gif","type":"","width":"","height":""}],"twitter_misc":{"Est. reading time":"2 minutes"},"schema":{"@context":"https:\/\/schema.org","@graph":[{"@type":"WebPage","@id":"https:\/\/www.beneluxpest.nl\/fr\/benelux-pest\/","url":"https:\/\/www.beneluxpest.nl\/fr\/benelux-pest\/","name":"Benelux Pest - Benelux Pest","isPartOf":{"@id":"https:\/\/www.beneluxpest.nl\/fr\/#website"},"primaryImageOfPage":{"@id":"https:\/\/www.beneluxpest.nl\/fr\/benelux-pest\/#primaryimage"},"image":{"@id":"https:\/\/www.beneluxpest.nl\/fr\/benelux-pest\/#primaryimage"},"thumbnailUrl":"http:\/\/www.beneluxpest.nl\/en\/wp-content\/uploads\/2015\/05\/Koningshof.gif","datePublished":"2014-06-09T10:37:42+00:00","dateModified":"2020-03-12T17:43:27+00:00","description":"Le salon Benelux Pest est l\u2019\u00e9v\u00e9nement le plus important pour l\u2019industrie de la lutte antiparasitaire du Benelux.","breadcrumb":{"@id":"https:\/\/www.beneluxpest.nl\/fr\/benelux-pest\/#breadcrumb"},"inLanguage":"en-US","potentialAction":[{"@type":"ReadAction","target":["https:\/\/www.beneluxpest.nl\/fr\/benelux-pest\/"]}]},{"@type":"ImageObject","inLanguage":"en-US","@id":"https:\/\/www.beneluxpest.nl\/fr\/benelux-pest\/#primaryimage","url":"http:\/\/www.beneluxpest.nl\/en\/wp-content\/uploads\/2015\/05\/Koningshof.gif","contentUrl":"http:\/\/www.beneluxpest.nl\/en\/wp-content\/uploads\/2015\/05\/Koningshof.gif"},{"@type":"BreadcrumbList","@id":"https:\/\/www.beneluxpest.nl\/fr\/benelux-pest\/#breadcrumb","itemListElement":[{"@type":"ListItem","position":1,"name":"Home","item":"https:\/\/www.beneluxpest.nl\/fr\/"},{"@type":"ListItem","position":2,"name":"Benelux Pest"}]},{"@type":"WebSite","@id":"https:\/\/www.beneluxpest.nl\/fr\/#website","url":"https:\/\/www.beneluxpest.nl\/fr\/","name":"Benelux Pest","description":"Le salon professionnel de lutte antiparasitaire le plus important du Benelux","potentialAction":[{"@type":"SearchAction","target":{"@type":"EntryPoint","urlTemplate":"https:\/\/www.beneluxpest.nl\/fr\/?s={search_term_string}"},"query-input":{"@type":"PropertyValueSpecification","valueRequired":true,"valueName":"search_term_string"}}],"inLanguage":"en-US"}]}},"_links":{"self":[{"href":"https:\/\/www.beneluxpest.nl\/fr\/wp-json\/wp\/v2\/pages\/2483","targetHints":{"allow":["GET"]}}],"collection":[{"href":"https:\/\/www.beneluxpest.nl\/fr\/wp-json\/wp\/v2\/pages"}],"about":[{"href":"https:\/\/www.beneluxpest.nl\/fr\/wp-json\/wp\/v2\/types\/page"}],"author":[{"embeddable":true,"href":"https:\/\/www.beneluxpest.nl\/fr\/wp-json\/wp\/v2\/users\/1"}],"replies":[{"embeddable":true,"href":"https:\/\/www.beneluxpest.nl\/fr\/wp-json\/wp\/v2\/comments?post=2483"}],"version-history":[{"count":0,"href":"https:\/\/www.beneluxpest.nl\/fr\/wp-json\/wp\/v2\/pages\/2483\/revisions"}],"wp:attachment":[{"href":"https:\/\/www.beneluxpest.nl\/fr\/wp-json\/wp\/v2\/media?parent=2483"}],"curies":[{"name":"wp","href":"https:\/\/api.w.org\/{rel}","templated":true}]}}